{"id":11,"date":"2025-02-14T00:54:52","date_gmt":"2025-02-14T00:54:52","guid":{"rendered":"https:\/\/sahuaropinturas.com.mx\/wordpresscotizador\/?page_id=11"},"modified":"2025-03-29T20:38:14","modified_gmt":"2025-03-29T20:38:14","slug":"front_page","status":"publish","type":"page","link":"https:\/\/sahuaropinturas.com.mx\/wordpresscotizador\/","title":{"rendered":"Inicio"},"content":{"rendered":"Confiable\n\nCalidad garantizada\n\n.\n\nServicio excepcional\n\nNuestro equipo altamente capacitado siempre est\u00e1 listo para ayudarte en todo lo que necesites.\n\n.Descubra c\u00f3mo\n\n\n\n\n\n\n\nConozca m\u00e1sLorem ipsum dolor sit amet, consectetur adipiscing elit. Ut feugiat aliquet convallis. Morbi cursus scelerisque est.\n\nRead more\n\nLorem ipsum dolor sit amet, consectetur adipiscing elit. Ut feugiat aliquet convallis. Morbi cursus scelerisque est.\n\nRead more\n\nLorem ipsum dolor sit amet, consectetur adipiscing elit. Ut feugiat aliquet convallis. Morbi cursus scelerisque est.\n\nRead more.\n\n\n\nConoce m\u00e1sExpertos a su disposici\u00f3n\n\n\n\n\n\n\n\nConocer m\u00e1sEn Cotizador Sahuaro Pinturas, nos enorgullece ofrecer un gran cat\u00e1logo de pinturas y productos para pisos.\n\nCalidad Garantizada\n\nEntrega Segura y R\u00e1pida\n\nSoporte al Cliente\n\nComunicaci\u00f3n Constante\n\nInnovaci\u00f3n Constante\n\nSeguridad GarantizadaNo pierda tiempo, p\u00f3ngase en contacto con nosotros hoy para comenzar a satisfacer sus necesidades de pinturas y productos para pisos.\n\nSolicite una cotizaci\u00f3n, conozca nuestra amplia gama de productos y servicios, y comience a aprovechar al m\u00e1ximo su negocio qu\u00edmico.\n\nContactarNuestros ClientesCont\u00e1ctenos","protected":false},"excerpt":{"rendered":"","protected":false},"author":1,"featured_media":0,"parent":0,"menu_order":0,"comment_status":"closed","ping_status":"closed","template":"","meta":{"footnotes":""},"class_list":["post-11","page","type-page","status-publish","hentry"],"yoast_head":"<!-- This site is optimized with the Yoast SEO plugin v24.4 - https:\/\/yoast.com\/wordpress\/plugins\/seo\/ -->\n<title>Inicio - Cotizador Sahuaro Pinturas<\/title>\n<meta name=\"robots\" content=\"index, follow, max-snippet:-1, max-image-preview:large, max-video-preview:-1\" \/>\n<link rel=\"canonical\" href=\"https:\/\/sahuaropinturas.com.mx\/wordpresscotizador\/\" \/>\n<meta property=\"og:locale\" content=\"es_ES\" \/>\n<meta property=\"og:type\" content=\"article\" \/>\n<meta property=\"og:title\" content=\"Inicio - Cotizador Sahuaro Pinturas\" \/>\n<meta property=\"og:url\" content=\"https:\/\/sahuaropinturas.com.mx\/wordpresscotizador\/\" \/>\n<meta property=\"og:site_name\" content=\"Cotizador Sahuaro Pinturas\" \/>\n<meta property=\"article:modified_time\" content=\"2025-03-29T20:38:14+00:00\" \/>\n<meta name=\"twitter:card\" content=\"summary_large_image\" \/>\n<script type=\"application\/ld+json\" class=\"yoast-schema-graph\">{\"@context\":\"https:\/\/schema.org\",\"@graph\":[{\"@type\":\"WebPage\",\"@id\":\"https:\/\/sahuaropinturas.com.mx\/wordpresscotizador\/\",\"url\":\"https:\/\/sahuaropinturas.com.mx\/wordpresscotizador\/\",\"name\":\"Inicio - Cotizador Sahuaro Pinturas\",\"isPartOf\":{\"@id\":\"https:\/\/sahuaropinturas.com.mx\/wordpresscotizador\/#website\"},\"datePublished\":\"2025-02-14T00:54:52+00:00\",\"dateModified\":\"2025-03-29T20:38:14+00:00\",\"breadcrumb\":{\"@id\":\"https:\/\/sahuaropinturas.com.mx\/wordpresscotizador\/#breadcrumb\"},\"inLanguage\":\"es\",\"potentialAction\":[{\"@type\":\"ReadAction\",\"target\":[\"https:\/\/sahuaropinturas.com.mx\/wordpresscotizador\/\"]}]},{\"@type\":\"BreadcrumbList\",\"@id\":\"https:\/\/sahuaropinturas.com.mx\/wordpresscotizador\/#breadcrumb\",\"itemListElement\":[{\"@type\":\"ListItem\",\"position\":1,\"name\":\"Portada\",\"item\":\"https:\/\/sahuaropinturas.com.mx\/wordpresscotizador\/\"},{\"@type\":\"ListItem\",\"position\":2,\"name\":\"Inicio\"}]},{\"@type\":\"WebSite\",\"@id\":\"https:\/\/sahuaropinturas.com.mx\/wordpresscotizador\/#website\",\"url\":\"https:\/\/sahuaropinturas.com.mx\/wordpresscotizador\/\",\"name\":\"Cotizador Sahuaro Pinturas\",\"description\":\"La forma mas rapida de cotizar nuestros productos. \",\"publisher\":{\"@id\":\"https:\/\/sahuaropinturas.com.mx\/wordpresscotizador\/#organization\"},\"potentialAction\":[{\"@type\":\"SearchAction\",\"target\":{\"@type\":\"EntryPoint\",\"urlTemplate\":\"https:\/\/sahuaropinturas.com.mx\/wordpresscotizador\/?s={search_term_string}\"},\"query-input\":{\"@type\":\"PropertyValueSpecification\",\"valueRequired\":true,\"valueName\":\"search_term_string\"}}],\"inLanguage\":\"es\"},{\"@type\":\"Organization\",\"@id\":\"https:\/\/sahuaropinturas.com.mx\/wordpresscotizador\/#organization\",\"name\":\"Cotizador Sahuaro Pinturas\",\"url\":\"https:\/\/sahuaropinturas.com.mx\/wordpresscotizador\/\",\"logo\":{\"@type\":\"ImageObject\",\"inLanguage\":\"es\",\"@id\":\"https:\/\/sahuaropinturas.com.mx\/wordpresscotizador\/#\/schema\/logo\/image\/\",\"url\":\"https:\/\/sahuaropinturas.com.mx\/wordpresscotizador\/wp-content\/uploads\/2025\/02\/logosah.png\",\"contentUrl\":\"https:\/\/sahuaropinturas.com.mx\/wordpresscotizador\/wp-content\/uploads\/2025\/02\/logosah.png\",\"width\":568,\"height\":621,\"caption\":\"Cotizador Sahuaro Pinturas\"},\"image\":{\"@id\":\"https:\/\/sahuaropinturas.com.mx\/wordpresscotizador\/#\/schema\/logo\/image\/\"}}]}<\/script>\n<!-- \/ Yoast SEO plugin. -->","yoast_head_json":{"title":"Inicio - Cotizador Sahuaro Pinturas","robots":{"index":"index","follow":"follow","max-snippet":"max-snippet:-1","max-image-preview":"max-image-preview:large","max-video-preview":"max-video-preview:-1"},"canonical":"https:\/\/sahuaropinturas.com.mx\/wordpresscotizador\/","og_locale":"es_ES","og_type":"article","og_title":"Inicio - Cotizador Sahuaro Pinturas","og_url":"https:\/\/sahuaropinturas.com.mx\/wordpresscotizador\/","og_site_name":"Cotizador Sahuaro Pinturas","article_modified_time":"2025-03-29T20:38:14+00:00","twitter_card":"summary_large_image","schema":{"@context":"https:\/\/schema.org","@graph":[{"@type":"WebPage","@id":"https:\/\/sahuaropinturas.com.mx\/wordpresscotizador\/","url":"https:\/\/sahuaropinturas.com.mx\/wordpresscotizador\/","name":"Inicio - Cotizador Sahuaro Pinturas","isPartOf":{"@id":"https:\/\/sahuaropinturas.com.mx\/wordpresscotizador\/#website"},"datePublished":"2025-02-14T00:54:52+00:00","dateModified":"2025-03-29T20:38:14+00:00","breadcrumb":{"@id":"https:\/\/sahuaropinturas.com.mx\/wordpresscotizador\/#breadcrumb"},"inLanguage":"es","potentialAction":[{"@type":"ReadAction","target":["https:\/\/sahuaropinturas.com.mx\/wordpresscotizador\/"]}]},{"@type":"BreadcrumbList","@id":"https:\/\/sahuaropinturas.com.mx\/wordpresscotizador\/#breadcrumb","itemListElement":[{"@type":"ListItem","position":1,"name":"Portada","item":"https:\/\/sahuaropinturas.com.mx\/wordpresscotizador\/"},{"@type":"ListItem","position":2,"name":"Inicio"}]},{"@type":"WebSite","@id":"https:\/\/sahuaropinturas.com.mx\/wordpresscotizador\/#website","url":"https:\/\/sahuaropinturas.com.mx\/wordpresscotizador\/","name":"Cotizador Sahuaro Pinturas","description":"La forma mas rapida de cotizar nuestros productos. ","publisher":{"@id":"https:\/\/sahuaropinturas.com.mx\/wordpresscotizador\/#organization"},"potentialAction":[{"@type":"SearchAction","target":{"@type":"EntryPoint","urlTemplate":"https:\/\/sahuaropinturas.com.mx\/wordpresscotizador\/?s={search_term_string}"},"query-input":{"@type":"PropertyValueSpecification","valueRequired":true,"valueName":"search_term_string"}}],"inLanguage":"es"},{"@type":"Organization","@id":"https:\/\/sahuaropinturas.com.mx\/wordpresscotizador\/#organization","name":"Cotizador Sahuaro Pinturas","url":"https:\/\/sahuaropinturas.com.mx\/wordpresscotizador\/","logo":{"@type":"ImageObject","inLanguage":"es","@id":"https:\/\/sahuaropinturas.com.mx\/wordpresscotizador\/#\/schema\/logo\/image\/","url":"https:\/\/sahuaropinturas.com.mx\/wordpresscotizador\/wp-content\/uploads\/2025\/02\/logosah.png","contentUrl":"https:\/\/sahuaropinturas.com.mx\/wordpresscotizador\/wp-content\/uploads\/2025\/02\/logosah.png","width":568,"height":621,"caption":"Cotizador Sahuaro Pinturas"},"image":{"@id":"https:\/\/sahuaropinturas.com.mx\/wordpresscotizador\/#\/schema\/logo\/image\/"}}]}},"jetpack_sharing_enabled":true,"_links":{"self":[{"href":"https:\/\/sahuaropinturas.com.mx\/wordpresscotizador\/index.php?rest_route=\/wp\/v2\/pages\/11","targetHints":{"allow":["GET"]}}],"collection":[{"href":"https:\/\/sahuaropinturas.com.mx\/wordpresscotizador\/index.php?rest_route=\/wp\/v2\/pages"}],"about":[{"href":"https:\/\/sahuaropinturas.com.mx\/wordpresscotizador\/index.php?rest_route=\/wp\/v2\/types\/page"}],"author":[{"embeddable":true,"href":"https:\/\/sahuaropinturas.com.mx\/wordpresscotizador\/index.php?rest_route=\/wp\/v2\/users\/1"}],"replies":[{"embeddable":true,"href":"https:\/\/sahuaropinturas.com.mx\/wordpresscotizador\/index.php?rest_route=%2Fwp%2Fv2%2Fcomments&post=11"}],"version-history":[{"count":4,"href":"https:\/\/sahuaropinturas.com.mx\/wordpresscotizador\/index.php?rest_route=\/wp\/v2\/pages\/11\/revisions"}],"predecessor-version":[{"id":88,"href":"https:\/\/sahuaropinturas.com.mx\/wordpresscotizador\/index.php?rest_route=\/wp\/v2\/pages\/11\/revisions\/88"}],"wp:attachment":[{"href":"https:\/\/sahuaropinturas.com.mx\/wordpresscotizador\/index.php?rest_route=%2Fwp%2Fv2%2Fmedia&parent=11"}],"curies":[{"name":"wp","href":"https:\/\/api.w.org\/{rel}","templated":true}]}}