{"id":219,"date":"2025-05-04T07:06:24","date_gmt":"2025-05-04T07:06:24","guid":{"rendered":"https:\/\/sahuaropinturas.com.mx\/wordpresscotizador\/?post_type=product&#038;p=219"},"modified":"2025-05-04T19:43:10","modified_gmt":"2025-05-04T19:43:10","slug":"pintura-emulsionada-satinada-osel-oro-germicida","status":"publish","type":"product","link":"https:\/\/sahuaropinturas.com.mx\/wordpresscotizador\/?product=pintura-emulsionada-satinada-osel-oro-germicida","title":{"rendered":"Pintura Emulsionada Satinada Osel Oro Germicida"},"content":{"rendered":"<p>&nbsp;<\/p>\n<p style=\"text-align: center;\">\n<p><img fetchpriority=\"high\" decoding=\"async\" class=\"size-medium wp-image-220 aligncenter\" style=\"text-align: center;\" src=\"https:\/\/sahuaropinturas.com.mx\/wordpresscotizador\/wp-content\/uploads\/2025\/05\/1700_1800_familia_e0f10f12-9e12-441e-9bf7-63370427874e-300x204.png\" alt=\"\" width=\"300\" height=\"204\" srcset=\"https:\/\/sahuaropinturas.com.mx\/wordpresscotizador\/wp-content\/uploads\/2025\/05\/1700_1800_familia_e0f10f12-9e12-441e-9bf7-63370427874e-300x204.png 300w, https:\/\/sahuaropinturas.com.mx\/wordpresscotizador\/wp-content\/uploads\/2025\/05\/1700_1800_familia_e0f10f12-9e12-441e-9bf7-63370427874e-600x409.png 600w, https:\/\/sahuaropinturas.com.mx\/wordpresscotizador\/wp-content\/uploads\/2025\/05\/1700_1800_familia_e0f10f12-9e12-441e-9bf7-63370427874e-768x523.png 768w, https:\/\/sahuaropinturas.com.mx\/wordpresscotizador\/wp-content\/uploads\/2025\/05\/1700_1800_familia_e0f10f12-9e12-441e-9bf7-63370427874e.png 992w\" sizes=\"(max-width: 300px) 100vw, 300px\" \/><\/p>\n<p style=\"text-align: center;\">Pintura acr\u00edlica antig\u00e9rmenes con complejo exclusivo nanotecnol\u00f3gico.<\/p>\n","protected":false},"excerpt":{"rendered":"<p>Pintura acr\u00edlica antig\u00e9rmenes con complejo exclusivo nanotecnol\u00f3gico. Acabado satinado tipo aterciopelado de excelente calidad y extraordinario poder cubriente, con una buena retenci\u00f3n de color, posee excelente facilidad de aplicaci\u00f3n, nivelaci\u00f3n y brochabilidad adem\u00e1s de buena adherencia y resistencia a la intemperie y manchas. Elimina levaduras, algas, bacterias como la E.Coli, el Staphylococcus aureus y hongos como el Aspergillus brasiliensis. Se ofrece en una amplia gama de colores de acuerdo al sistema de \u00abGaler\u00eda Millennium\u00bb. Tiene una durabilidad media estimada de 20 a\u00f1os.<\/p>\n<p><em>**Precios var\u00edan seg\u00fan la presentaci\u00f3n del producto**<\/em><\/p>\n","protected":false},"featured_media":265,"template":"","meta":[],"product_brand":[],"product_cat":[22],"product_tag":[],"class_list":{"0":"post-219","1":"product","2":"type-product","3":"status-publish","4":"has-post-thumbnail","6":"product_cat-uncategorized","8":"first","9":"instock","10":"shipping-taxable","11":"product-type-variable"},"yoast_head":"<!-- This site is optimized with the Yoast SEO plugin v24.4 - https:\/\/yoast.com\/wordpress\/plugins\/seo\/ -->\n<title>Pintura Emulsionada Satinada Osel Oro Germicida - Cotizador Sahuaro Pinturas<\/title>\n<meta name=\"robots\" content=\"index, follow, max-snippet:-1, max-image-preview:large, max-video-preview:-1\" \/>\n<link rel=\"canonical\" href=\"https:\/\/sahuaropinturas.com.mx\/wordpresscotizador\/?product=pintura-emulsionada-satinada-osel-oro-germicida\" \/>\n<meta property=\"og:locale\" content=\"es_ES\" \/>\n<meta property=\"og:type\" content=\"article\" \/>\n<meta property=\"og:title\" content=\"Pintura Emulsionada Satinada Osel Oro Germicida - Cotizador Sahuaro Pinturas\" \/>\n<meta property=\"og:description\" content=\"Pintura acr\u00edlica antig\u00e9rmenes con complejo exclusivo nanotecnol\u00f3gico. Acabado satinado tipo aterciopelado de excelente calidad y extraordinario poder cubriente, con una buena retenci\u00f3n de color, posee excelente facilidad de aplicaci\u00f3n, nivelaci\u00f3n y brochabilidad adem\u00e1s de buena adherencia y resistencia a la intemperie y manchas. Elimina levaduras, algas, bacterias como la E.Coli, el Staphylococcus aureus y hongos como el Aspergillus brasiliensis. Se ofrece en una amplia gama de colores de acuerdo al sistema de &quot;Galer\u00eda Millennium&quot;. Tiene una durabilidad media estimada de 20 a\u00f1os.  **Precios var\u00edan seg\u00fan la presentaci\u00f3n del producto**\" \/>\n<meta property=\"og:url\" content=\"https:\/\/sahuaropinturas.com.mx\/wordpresscotizador\/?product=pintura-emulsionada-satinada-osel-oro-germicida\" \/>\n<meta property=\"og:site_name\" content=\"Cotizador Sahuaro Pinturas\" \/>\n<meta property=\"article:modified_time\" content=\"2025-05-04T19:43:10+00:00\" \/>\n<meta property=\"og:image\" content=\"https:\/\/sahuaropinturas.com.mx\/wordpresscotizador\/wp-content\/uploads\/2025\/05\/1700_1800_familia_e0f10f12-9e12-441e-9bf7-63370427874e.png\" \/>\n\t<meta property=\"og:image:width\" content=\"992\" \/>\n\t<meta property=\"og:image:height\" content=\"676\" \/>\n\t<meta property=\"og:image:type\" content=\"image\/png\" \/>\n<meta name=\"twitter:card\" content=\"summary_large_image\" \/>\n<meta name=\"twitter:label1\" content=\"Tiempo de lectura\" \/>\n\t<meta name=\"twitter:data1\" content=\"1 minuto\" \/>\n<script type=\"application\/ld+json\" class=\"yoast-schema-graph\">{\"@context\":\"https:\/\/schema.org\",\"@graph\":[{\"@type\":\"WebPage\",\"@id\":\"https:\/\/sahuaropinturas.com.mx\/wordpresscotizador\/?product=pintura-emulsionada-satinada-osel-oro-germicida\",\"url\":\"https:\/\/sahuaropinturas.com.mx\/wordpresscotizador\/?product=pintura-emulsionada-satinada-osel-oro-germicida\",\"name\":\"Pintura Emulsionada Satinada Osel Oro Germicida - Cotizador Sahuaro Pinturas\",\"isPartOf\":{\"@id\":\"https:\/\/sahuaropinturas.com.mx\/wordpresscotizador\/#website\"},\"primaryImageOfPage\":{\"@id\":\"https:\/\/sahuaropinturas.com.mx\/wordpresscotizador\/?product=pintura-emulsionada-satinada-osel-oro-germicida#primaryimage\"},\"image\":{\"@id\":\"https:\/\/sahuaropinturas.com.mx\/wordpresscotizador\/?product=pintura-emulsionada-satinada-osel-oro-germicida#primaryimage\"},\"thumbnailUrl\":\"https:\/\/sahuaropinturas.com.mx\/wordpresscotizador\/wp-content\/uploads\/2025\/05\/990059a4-ce3d-4249-94ee-3fdf58e5682d.png\",\"datePublished\":\"2025-05-04T07:06:24+00:00\",\"dateModified\":\"2025-05-04T19:43:10+00:00\",\"breadcrumb\":{\"@id\":\"https:\/\/sahuaropinturas.com.mx\/wordpresscotizador\/?product=pintura-emulsionada-satinada-osel-oro-germicida#breadcrumb\"},\"inLanguage\":\"es\",\"potentialAction\":[{\"@type\":\"ReadAction\",\"target\":[\"https:\/\/sahuaropinturas.com.mx\/wordpresscotizador\/?product=pintura-emulsionada-satinada-osel-oro-germicida\"]}]},{\"@type\":\"ImageObject\",\"inLanguage\":\"es\",\"@id\":\"https:\/\/sahuaropinturas.com.mx\/wordpresscotizador\/?product=pintura-emulsionada-satinada-osel-oro-germicida#primaryimage\",\"url\":\"https:\/\/sahuaropinturas.com.mx\/wordpresscotizador\/wp-content\/uploads\/2025\/05\/990059a4-ce3d-4249-94ee-3fdf58e5682d.png\",\"contentUrl\":\"https:\/\/sahuaropinturas.com.mx\/wordpresscotizador\/wp-content\/uploads\/2025\/05\/990059a4-ce3d-4249-94ee-3fdf58e5682d.png\",\"width\":2000,\"height\":2000},{\"@type\":\"BreadcrumbList\",\"@id\":\"https:\/\/sahuaropinturas.com.mx\/wordpresscotizador\/?product=pintura-emulsionada-satinada-osel-oro-germicida#breadcrumb\",\"itemListElement\":[{\"@type\":\"ListItem\",\"position\":1,\"name\":\"Portada\",\"item\":\"https:\/\/sahuaropinturas.com.mx\/wordpresscotizador\/\"},{\"@type\":\"ListItem\",\"position\":2,\"name\":\"Shop\",\"item\":\"https:\/\/sahuaropinturas.com.mx\/wordpresscotizador\/?page_id=126\"},{\"@type\":\"ListItem\",\"position\":3,\"name\":\"Pintura Emulsionada Satinada Osel Oro Germicida\"}]},{\"@type\":\"WebSite\",\"@id\":\"https:\/\/sahuaropinturas.com.mx\/wordpresscotizador\/#website\",\"url\":\"https:\/\/sahuaropinturas.com.mx\/wordpresscotizador\/\",\"name\":\"Cotizador Sahuaro Pinturas\",\"description\":\"La forma mas rapida de cotizar nuestros productos. \",\"publisher\":{\"@id\":\"https:\/\/sahuaropinturas.com.mx\/wordpresscotizador\/#organization\"},\"potentialAction\":[{\"@type\":\"SearchAction\",\"target\":{\"@type\":\"EntryPoint\",\"urlTemplate\":\"https:\/\/sahuaropinturas.com.mx\/wordpresscotizador\/?s={search_term_string}\"},\"query-input\":{\"@type\":\"PropertyValueSpecification\",\"valueRequired\":true,\"valueName\":\"search_term_string\"}}],\"inLanguage\":\"es\"},{\"@type\":\"Organization\",\"@id\":\"https:\/\/sahuaropinturas.com.mx\/wordpresscotizador\/#organization\",\"name\":\"Cotizador Sahuaro Pinturas\",\"url\":\"https:\/\/sahuaropinturas.com.mx\/wordpresscotizador\/\",\"logo\":{\"@type\":\"ImageObject\",\"inLanguage\":\"es\",\"@id\":\"https:\/\/sahuaropinturas.com.mx\/wordpresscotizador\/#\/schema\/logo\/image\/\",\"url\":\"https:\/\/sahuaropinturas.com.mx\/wordpresscotizador\/wp-content\/uploads\/2025\/02\/logosah.png\",\"contentUrl\":\"https:\/\/sahuaropinturas.com.mx\/wordpresscotizador\/wp-content\/uploads\/2025\/02\/logosah.png\",\"width\":568,\"height\":621,\"caption\":\"Cotizador Sahuaro Pinturas\"},\"image\":{\"@id\":\"https:\/\/sahuaropinturas.com.mx\/wordpresscotizador\/#\/schema\/logo\/image\/\"}}]}<\/script>\n<!-- \/ Yoast SEO plugin. -->","yoast_head_json":{"title":"Pintura Emulsionada Satinada Osel Oro Germicida - Cotizador Sahuaro Pinturas","robots":{"index":"index","follow":"follow","max-snippet":"max-snippet:-1","max-image-preview":"max-image-preview:large","max-video-preview":"max-video-preview:-1"},"canonical":"https:\/\/sahuaropinturas.com.mx\/wordpresscotizador\/?product=pintura-emulsionada-satinada-osel-oro-germicida","og_locale":"es_ES","og_type":"article","og_title":"Pintura Emulsionada Satinada Osel Oro Germicida - Cotizador Sahuaro Pinturas","og_description":"Pintura acr\u00edlica antig\u00e9rmenes con complejo exclusivo nanotecnol\u00f3gico. Acabado satinado tipo aterciopelado de excelente calidad y extraordinario poder cubriente, con una buena retenci\u00f3n de color, posee excelente facilidad de aplicaci\u00f3n, nivelaci\u00f3n y brochabilidad adem\u00e1s de buena adherencia y resistencia a la intemperie y manchas. Elimina levaduras, algas, bacterias como la E.Coli, el Staphylococcus aureus y hongos como el Aspergillus brasiliensis. Se ofrece en una amplia gama de colores de acuerdo al sistema de \"Galer\u00eda Millennium\". Tiene una durabilidad media estimada de 20 a\u00f1os.  **Precios var\u00edan seg\u00fan la presentaci\u00f3n del producto**","og_url":"https:\/\/sahuaropinturas.com.mx\/wordpresscotizador\/?product=pintura-emulsionada-satinada-osel-oro-germicida","og_site_name":"Cotizador Sahuaro Pinturas","article_modified_time":"2025-05-04T19:43:10+00:00","og_image":[{"width":992,"height":676,"url":"https:\/\/sahuaropinturas.com.mx\/wordpresscotizador\/wp-content\/uploads\/2025\/05\/1700_1800_familia_e0f10f12-9e12-441e-9bf7-63370427874e.png","type":"image\/png"}],"twitter_card":"summary_large_image","twitter_misc":{"Tiempo de lectura":"1 minuto"},"schema":{"@context":"https:\/\/schema.org","@graph":[{"@type":"WebPage","@id":"https:\/\/sahuaropinturas.com.mx\/wordpresscotizador\/?product=pintura-emulsionada-satinada-osel-oro-germicida","url":"https:\/\/sahuaropinturas.com.mx\/wordpresscotizador\/?product=pintura-emulsionada-satinada-osel-oro-germicida","name":"Pintura Emulsionada Satinada Osel Oro Germicida - Cotizador Sahuaro Pinturas","isPartOf":{"@id":"https:\/\/sahuaropinturas.com.mx\/wordpresscotizador\/#website"},"primaryImageOfPage":{"@id":"https:\/\/sahuaropinturas.com.mx\/wordpresscotizador\/?product=pintura-emulsionada-satinada-osel-oro-germicida#primaryimage"},"image":{"@id":"https:\/\/sahuaropinturas.com.mx\/wordpresscotizador\/?product=pintura-emulsionada-satinada-osel-oro-germicida#primaryimage"},"thumbnailUrl":"https:\/\/sahuaropinturas.com.mx\/wordpresscotizador\/wp-content\/uploads\/2025\/05\/990059a4-ce3d-4249-94ee-3fdf58e5682d.png","datePublished":"2025-05-04T07:06:24+00:00","dateModified":"2025-05-04T19:43:10+00:00","breadcrumb":{"@id":"https:\/\/sahuaropinturas.com.mx\/wordpresscotizador\/?product=pintura-emulsionada-satinada-osel-oro-germicida#breadcrumb"},"inLanguage":"es","potentialAction":[{"@type":"ReadAction","target":["https:\/\/sahuaropinturas.com.mx\/wordpresscotizador\/?product=pintura-emulsionada-satinada-osel-oro-germicida"]}]},{"@type":"ImageObject","inLanguage":"es","@id":"https:\/\/sahuaropinturas.com.mx\/wordpresscotizador\/?product=pintura-emulsionada-satinada-osel-oro-germicida#primaryimage","url":"https:\/\/sahuaropinturas.com.mx\/wordpresscotizador\/wp-content\/uploads\/2025\/05\/990059a4-ce3d-4249-94ee-3fdf58e5682d.png","contentUrl":"https:\/\/sahuaropinturas.com.mx\/wordpresscotizador\/wp-content\/uploads\/2025\/05\/990059a4-ce3d-4249-94ee-3fdf58e5682d.png","width":2000,"height":2000},{"@type":"BreadcrumbList","@id":"https:\/\/sahuaropinturas.com.mx\/wordpresscotizador\/?product=pintura-emulsionada-satinada-osel-oro-germicida#breadcrumb","itemListElement":[{"@type":"ListItem","position":1,"name":"Portada","item":"https:\/\/sahuaropinturas.com.mx\/wordpresscotizador\/"},{"@type":"ListItem","position":2,"name":"Shop","item":"https:\/\/sahuaropinturas.com.mx\/wordpresscotizador\/?page_id=126"},{"@type":"ListItem","position":3,"name":"Pintura Emulsionada Satinada Osel Oro Germicida"}]},{"@type":"WebSite","@id":"https:\/\/sahuaropinturas.com.mx\/wordpresscotizador\/#website","url":"https:\/\/sahuaropinturas.com.mx\/wordpresscotizador\/","name":"Cotizador Sahuaro Pinturas","description":"La forma mas rapida de cotizar nuestros productos. ","publisher":{"@id":"https:\/\/sahuaropinturas.com.mx\/wordpresscotizador\/#organization"},"potentialAction":[{"@type":"SearchAction","target":{"@type":"EntryPoint","urlTemplate":"https:\/\/sahuaropinturas.com.mx\/wordpresscotizador\/?s={search_term_string}"},"query-input":{"@type":"PropertyValueSpecification","valueRequired":true,"valueName":"search_term_string"}}],"inLanguage":"es"},{"@type":"Organization","@id":"https:\/\/sahuaropinturas.com.mx\/wordpresscotizador\/#organization","name":"Cotizador Sahuaro Pinturas","url":"https:\/\/sahuaropinturas.com.mx\/wordpresscotizador\/","logo":{"@type":"ImageObject","inLanguage":"es","@id":"https:\/\/sahuaropinturas.com.mx\/wordpresscotizador\/#\/schema\/logo\/image\/","url":"https:\/\/sahuaropinturas.com.mx\/wordpresscotizador\/wp-content\/uploads\/2025\/02\/logosah.png","contentUrl":"https:\/\/sahuaropinturas.com.mx\/wordpresscotizador\/wp-content\/uploads\/2025\/02\/logosah.png","width":568,"height":621,"caption":"Cotizador Sahuaro Pinturas"},"image":{"@id":"https:\/\/sahuaropinturas.com.mx\/wordpresscotizador\/#\/schema\/logo\/image\/"}}]}},"jetpack_sharing_enabled":true,"_links":{"self":[{"href":"https:\/\/sahuaropinturas.com.mx\/wordpresscotizador\/index.php?rest_route=\/wp\/v2\/product\/219","targetHints":{"allow":["GET"]}}],"collection":[{"href":"https:\/\/sahuaropinturas.com.mx\/wordpresscotizador\/index.php?rest_route=\/wp\/v2\/product"}],"about":[{"href":"https:\/\/sahuaropinturas.com.mx\/wordpresscotizador\/index.php?rest_route=\/wp\/v2\/types\/product"}],"wp:featuredmedia":[{"embeddable":true,"href":"https:\/\/sahuaropinturas.com.mx\/wordpresscotizador\/index.php?rest_route=\/wp\/v2\/media\/265"}],"wp:attachment":[{"href":"https:\/\/sahuaropinturas.com.mx\/wordpresscotizador\/index.php?rest_route=%2Fwp%2Fv2%2Fmedia&parent=219"}],"wp:term":[{"taxonomy":"product_brand","embeddable":true,"href":"https:\/\/sahuaropinturas.com.mx\/wordpresscotizador\/index.php?rest_route=%2Fwp%2Fv2%2Fproduct_brand&post=219"},{"taxonomy":"product_cat","embeddable":true,"href":"https:\/\/sahuaropinturas.com.mx\/wordpresscotizador\/index.php?rest_route=%2Fwp%2Fv2%2Fproduct_cat&post=219"},{"taxonomy":"product_tag","embeddable":true,"href":"https:\/\/sahuaropinturas.com.mx\/wordpresscotizador\/index.php?rest_route=%2Fwp%2Fv2%2Fproduct_tag&post=219"}],"curies":[{"name":"wp","href":"https:\/\/api.w.org\/{rel}","templated":true}]}}